{"id":96,"date":"2016-06-21T22:39:08","date_gmt":"2016-06-21T22:39:08","guid":{"rendered":"http:\/\/www.trudyderuijter.nl\/?page_id=96"},"modified":"2024-06-06T13:34:48","modified_gmt":"2024-06-06T13:34:48","slug":"boebies-plekske","status":"publish","type":"page","link":"http:\/\/www.trudyderuijter.nl\/?page_id=96","title":{"rendered":"Boebie&#8217;s  Plekske"},"content":{"rendered":"<p style=\"text-align: left;\">In september 2001 ontmoet ik een stiertje van drie maanden oud.<a href=\"http:\/\/www.trudyderuijter.nl\/wp-content\/uploads\/Scan0010.jpg-Boebie-kalf.jpg\"><img loading=\"lazy\" decoding=\"async\" class=\"aligncenter wp-image-231\" src=\"http:\/\/www.trudyderuijter.nl\/wp-content\/uploads\/Scan0010.jpg-Boebie-kalf-300x204.jpg\" alt=\"Scan0010.jpg Boebie kalf\" width=\"419\" height=\"285\" srcset=\"http:\/\/www.trudyderuijter.nl\/wp-content\/uploads\/Scan0010.jpg-Boebie-kalf-300x204.jpg 300w, http:\/\/www.trudyderuijter.nl\/wp-content\/uploads\/Scan0010.jpg-Boebie-kalf-768x523.jpg 768w, http:\/\/www.trudyderuijter.nl\/wp-content\/uploads\/Scan0010.jpg-Boebie-kalf-1024x698.jpg 1024w, http:\/\/www.trudyderuijter.nl\/wp-content\/uploads\/Scan0010.jpg-Boebie-kalf-220x150.jpg 220w, http:\/\/www.trudyderuijter.nl\/wp-content\/uploads\/Scan0010.jpg-Boebie-kalf-150x102.jpg 150w, http:\/\/www.trudyderuijter.nl\/wp-content\/uploads\/Scan0010.jpg-Boebie-kalf.jpg 1171w\" sizes=\"auto, (max-width: 419px) 100vw, 419px\" \/><\/a><\/p>\n<p style=\"text-align: left;\">Boebie is een &#8216;dikbil&#8217;\u00a0. Kijk maar eens naar die mooie ronde billekes \ud83d\ude42<br \/>.<\/p>\n<p style=\"text-align: left;\">Door Boebie ontdek ik dat een stier\u00a0 heel anders is dan wat ik over stieren heb gehoord en gelezen.\u00a0\u00a0Boebie blijkt volledig betrouwbaar, vriendelijk, zachtaardig, communicatief en ge\u00efnteresseerd in contact met de mens.<br \/>Ik word stapelverliefd op dit heel erg lieve wezen dat in een stierenlijf zit.<br \/>Gelukkig kan ik Boebie na 2 jaar kopen en wordt hij niet geslacht &#8230; brrrr ik moet er niet aan d\u00e9nken!<\/p>\n<div id=\"attachment_232\" style=\"width: 549px\" class=\"wp-caption aligncenter\"><a href=\"http:\/\/www.trudyderuijter.nl\/wp-content\/uploads\/Scan0011.jpg-Boebie-kalf-ik.jpg\"><img loading=\"lazy\" decoding=\"async\" aria-describedby=\"caption-attachment-232\" class=\"wp-image-232\" src=\"http:\/\/www.trudyderuijter.nl\/wp-content\/uploads\/Scan0011.jpg-Boebie-kalf-ik-300x200.jpg\" alt=\"Scan0011.jpg Boebie kalf ik\" width=\"539\" height=\"359\" srcset=\"http:\/\/www.trudyderuijter.nl\/wp-content\/uploads\/Scan0011.jpg-Boebie-kalf-ik-300x200.jpg 300w, http:\/\/www.trudyderuijter.nl\/wp-content\/uploads\/Scan0011.jpg-Boebie-kalf-ik-768x512.jpg 768w, http:\/\/www.trudyderuijter.nl\/wp-content\/uploads\/Scan0011.jpg-Boebie-kalf-ik-1024x683.jpg 1024w, http:\/\/www.trudyderuijter.nl\/wp-content\/uploads\/Scan0011.jpg-Boebie-kalf-ik-225x150.jpg 225w, http:\/\/www.trudyderuijter.nl\/wp-content\/uploads\/Scan0011.jpg-Boebie-kalf-ik-150x100.jpg 150w, http:\/\/www.trudyderuijter.nl\/wp-content\/uploads\/Scan0011.jpg-Boebie-kalf-ik.jpg 1174w\" sizes=\"auto, (max-width: 539px) 100vw, 539px\" \/><\/a><p id=\"caption-attachment-232\" class=\"wp-caption-text\">Pootjes masseren, knuffelen, samen rennen door de wei &#8230; een prachtige tijd!<\/p><\/div>\n<p style=\"text-align: left;\">\u00a0.<br \/>Door\u00a0Boebie, kom ik in contact met andere stieren die op de boerderij leven.<br \/>De eerste volwassen stier die ik ontmoet, maakt diepe indruk op mij: hij is majestueus, onbeschrijflijk zachtaardig en z\u00f3 wijs dat ik bij hem voor het eerst besef dat wij gr\u00f3\u00f3tse wezens doden; wezens met een bewustzijn, met gevoelens en emoties en met een enorme onvoorwaardelijke liefde!<br \/>.<\/p>\n<p style=\"text-align: left;\">Sinds 2001 heb ik tien stieren leren kennen. Zo groot als zij zijn qua uiterlijk, zo groot is ook hun hart. Zo groot als hun kracht is, zo groot is ook hun liefde.<br \/>Van de tien stieren en drie koeien die ik heb kunnen vrijkopen van de slacht, hebben er drie stieren bij iemand anders een fijn leven gehad. Zeven stieren heb ik gedurende 22 jaar, tot aan hun natuurlijke dood, \u00e9cht leren kennen: ik heb met hen kunnen praten, heb hen kunnen knuffelen en verzorgen.<br \/>Honderden mensen zijn bij mijn zeven stieren en drie koeien geweest tijdens het doorlopen van de cursus Communiceren met dieren of tijdens een workshop: zowel dieren als mensen hebben enorm genoten van dit wederzijds contact.<br \/><br \/><a href=\"http:\/\/www.trudyderuijter.nl\/wp-content\/uploads\/IMG_0029.jpg\"><img loading=\"lazy\" decoding=\"async\" class=\"wp-image-1268 aligncenter\" src=\"http:\/\/www.trudyderuijter.nl\/wp-content\/uploads\/IMG_0029-300x225.jpg\" alt=\"IMG_0029\" width=\"534\" height=\"401\" srcset=\"http:\/\/www.trudyderuijter.nl\/wp-content\/uploads\/IMG_0029-300x225.jpg 300w, http:\/\/www.trudyderuijter.nl\/wp-content\/uploads\/IMG_0029-768x576.jpg 768w, http:\/\/www.trudyderuijter.nl\/wp-content\/uploads\/IMG_0029-1024x768.jpg 1024w, http:\/\/www.trudyderuijter.nl\/wp-content\/uploads\/IMG_0029-200x150.jpg 200w, http:\/\/www.trudyderuijter.nl\/wp-content\/uploads\/IMG_0029-150x113.jpg 150w, http:\/\/www.trudyderuijter.nl\/wp-content\/uploads\/IMG_0029.jpg 2048w\" sizes=\"auto, (max-width: 534px) 100vw, 534px\" \/><\/a><\/p>\n<p style=\"text-align: center;\">\u00a0 \u00a0 \u00a0 \u00a0 \u00a0 \u00a0 \u00a0 Joris wordt uitgebreid geknuffeld.<\/p>\n\n\n<p><\/p>\n","protected":false},"excerpt":{"rendered":"<p>In september 2001 ontmoet ik een stiertje van drie maanden oud. Boebie is een &#8216;dikbil&#8217;\u00a0. Kijk maar eens naar die mooie ronde billekes \ud83d\ude42. Door Boebie ontdek ik dat een stier\u00a0 heel anders is dan wat ik over stieren heb gehoord en gelezen.\u00a0\u00a0Boebie blijkt volledig betrouwbaar, vriendelijk, zachtaardig, communicatief en\u2026<\/p>\n<p class=\"continue-reading-button\"> <a class=\"continue-reading-link\" href=\"http:\/\/www.trudyderuijter.nl\/?page_id=96\">Continue reading<i class=\"crycon-right-dir\"><\/i><\/a><\/p>\n","protected":false},"author":2,"featured_media":0,"parent":0,"menu_order":0,"comment_status":"closed","ping_status":"closed","template":"","meta":{"footnotes":""},"class_list":["post-96","page","type-page","status-publish","hentry"],"_links":{"self":[{"href":"http:\/\/www.trudyderuijter.nl\/index.php?rest_route=\/wp\/v2\/pages\/96","targetHints":{"allow":["GET"]}}],"collection":[{"href":"http:\/\/www.trudyderuijter.nl\/index.php?rest_route=\/wp\/v2\/pages"}],"about":[{"href":"http:\/\/www.trudyderuijter.nl\/index.php?rest_route=\/wp\/v2\/types\/page"}],"author":[{"embeddable":true,"href":"http:\/\/www.trudyderuijter.nl\/index.php?rest_route=\/wp\/v2\/users\/2"}],"replies":[{"embeddable":true,"href":"http:\/\/www.trudyderuijter.nl\/index.php?rest_route=%2Fwp%2Fv2%2Fcomments&post=96"}],"version-history":[{"count":81,"href":"http:\/\/www.trudyderuijter.nl\/index.php?rest_route=\/wp\/v2\/pages\/96\/revisions"}],"predecessor-version":[{"id":3535,"href":"http:\/\/www.trudyderuijter.nl\/index.php?rest_route=\/wp\/v2\/pages\/96\/revisions\/3535"}],"wp:attachment":[{"href":"http:\/\/www.trudyderuijter.nl\/index.php?rest_route=%2Fwp%2Fv2%2Fmedia&parent=96"}],"curies":[{"name":"wp","href":"https:\/\/api.w.org\/{rel}","templated":true}]}}